{"id":591,"date":"2022-10-18T21:46:36","date_gmt":"2022-10-18T19:46:36","guid":{"rendered":"https:\/\/concreteroads2023.com\/?page_id=591"},"modified":"2023-02-23T13:05:39","modified_gmt":"2023-02-23T12:05:39","slug":"accommodation","status":"publish","type":"page","link":"https:\/\/concreteroads2023.com\/pl\/accommodation\/","title":{"rendered":"Zakwaterowanie"},"content":{"rendered":"<div class=\"wp-block-image\">\n<figure class=\"alignright size-full is-resized\"><img loading=\"lazy\" decoding=\"async\" src=\"https:\/\/concreteroads2023.com\/wp-content\/uploads\/2022\/10\/image1-31.png\" alt=\"\" class=\"wp-image-374\" width=\"369\" height=\"270\" srcset=\"https:\/\/concreteroads2023.com\/wp-content\/uploads\/2022\/10\/image1-31.png 738w, https:\/\/concreteroads2023.com\/wp-content\/uploads\/2022\/10\/image1-31-300x220.png 300w, https:\/\/concreteroads2023.com\/wp-content\/uploads\/2022\/10\/image1-31-100x73.png 100w\" sizes=\"auto, (max-width: 369px) 100vw, 369px\" \/><\/figure>\n<\/div>\n\n\n<p><strong>DOUBLETREE BY HILTON KRAKOW<\/strong><\/p>\n\n\n\n<p>HOTEL &amp; CONVENTION CENTER<br>HAMPTON BY HILTON KRAKOW<\/p>\n\n\n\n<p>ul. D\u0105bska 5, 31-572 Krak\u00f3w, Polska<\/p>\n\n\n\n<p>Hotel jest \u0142atwo dost\u0119pny z lotniska i centrum miasta, <br>blisko Centrum Handlowego i w otoczeniu klasycznego krakowskiego otoczenia.<\/p>\n\n\n\n<p><strong>Transport<br><\/strong>Balice: 11.81 km<br>Pyrzowice: 65.24 km<br><\/p>\n\n\n\n<p><strong>Rezerwacji w hotelu mo\u017cna dokona\u0107 przez poni\u017cszy link:<\/strong><br><a rel=\"noreferrer noopener\" href=\"https:\/\/www.hilton.com\/en\/attend-my-event\/krkccdi-ccallc-c3bf7dd0-5238-445c-8e49-10c0e1cc396e\/\" target=\"_blank\">https:\/\/www.hilton.com\/en\/attend-my-event\/krkccdi-ccallc-c3bf7dd0-5238-445c-8e49-10c0e1cc396e\/<\/a><\/p>\n","protected":false},"excerpt":{"rendered":"<p>DOUBLETREE BY HILTON KRAKOW HOTEL &amp; CONVENTION CENTERHAMPTON BY HILTON KRAKOW ul. D\u0105bska 5, 31-572 Krak\u00f3w, Polska Hotel jest \u0142atwo dost\u0119pny z lotniska i centrum miasta, blisko Centrum Handlowego i w otoczeniu klasycznego krakowskiego otoczenia. TransportBalice: 11.81 kmPyrzowice: 65.24 km Rezerwacji w hotelu mo\u017cna dokona\u0107 przez poni\u017cszy link:https:\/\/www.hilton.com\/en\/attend-my-event\/krkccdi-ccallc-c3bf7dd0-5238-445c-8e49-10c0e1cc396e\/<\/p>\n","protected":false},"author":1,"featured_media":955,"parent":0,"menu_order":0,"comment_status":"closed","ping_status":"closed","template":"","meta":{"footnotes":""},"class_list":["post-591","page","type-page","status-publish","hentry"],"translation":{"provider":"WPGlobus","version":"2.12.2","language":"pl","enabled_languages":["en","pl","de","es"],"languages":{"en":{"title":true,"content":true,"excerpt":false},"pl":{"title":true,"content":true,"excerpt":false},"de":{"title":false,"content":false,"excerpt":false},"es":{"title":false,"content":false,"excerpt":false}}},"acf":[],"_links":{"self":[{"href":"https:\/\/concreteroads2023.com\/pl\/wp-json\/wp\/v2\/pages\/591","targetHints":{"allow":["GET"]}}],"collection":[{"href":"https:\/\/concreteroads2023.com\/pl\/wp-json\/wp\/v2\/pages"}],"about":[{"href":"https:\/\/concreteroads2023.com\/pl\/wp-json\/wp\/v2\/types\/page"}],"author":[{"embeddable":true,"href":"https:\/\/concreteroads2023.com\/pl\/wp-json\/wp\/v2\/users\/1"}],"replies":[{"embeddable":true,"href":"https:\/\/concreteroads2023.com\/pl\/wp-json\/wp\/v2\/comments?post=591"}],"version-history":[{"count":6,"href":"https:\/\/concreteroads2023.com\/pl\/wp-json\/wp\/v2\/pages\/591\/revisions"}],"predecessor-version":[{"id":973,"href":"https:\/\/concreteroads2023.com\/pl\/wp-json\/wp\/v2\/pages\/591\/revisions\/973"}],"wp:featuredmedia":[{"embeddable":true,"href":"https:\/\/concreteroads2023.com\/pl\/wp-json\/wp\/v2\/media\/955"}],"wp:attachment":[{"href":"https:\/\/concreteroads2023.com\/pl\/wp-json\/wp\/v2\/media?parent=591"}],"curies":[{"name":"wp","href":"https:\/\/api.w.org\/{rel}","templated":true}]}}