{"id":739,"date":"2023-01-20T19:39:50","date_gmt":"2023-01-20T18:39:50","guid":{"rendered":"https:\/\/concreteroads2023.com\/?page_id=739"},"modified":"2023-04-24T12:19:26","modified_gmt":"2023-04-24T10:19:26","slug":"participation-in-conference","status":"publish","type":"page","link":"https:\/\/concreteroads2023.com\/pl\/participation-in-conference\/","title":{"rendered":"Koszt uczestnictwa"},"content":{"rendered":"\n<h3 class=\"wp-block-heading\">Op\u0142ata za uczestnictwo<\/h3>\n\n\n\n<figure class=\"wp-block-table\"><table><tbody><tr><td>Speakers giving presentation<\/td><td>790 \u20ac + 23% VAT<\/td><\/tr><tr><td>Cz\u0142onkowie EUPAVE<\/td><td>790 \u20ac + 23% VAT<\/td><\/tr><tr><td>Partnerzy EUPAVE<\/td><td>850 \u20ac + 23% VAT<\/td><\/tr><tr><td>Cz\u0142onkowie ITPC Concreate Roads 2023<\/td><td>700 \u20ac + 23% VAT<\/td><\/tr><tr><td>Osoba towarzysz\u0105ca<\/td><td>330 \u20ac + 23% VAT<\/td><\/tr><tr><td>Podstawowy<\/td><td>950 \u20ac + 23% VAT<\/td><\/tr><tr><td>Kolacja galowa<\/td><td>90 \u20ac + 23% VAT<\/td><\/tr><tr><td>Online &#8211; Ca\u0142a konferecja<\/td><td>570 \u20ac + 23% VAT<\/td><\/tr><tr><td>Online &#8211; Wybrane dni<\/td><td>250 \u20ac + 23% VAT<\/td><\/tr><tr><td>Przedstawiciele GDDKiA<\/td><td>oferta specjalna <\/td><\/tr><\/tbody><\/table><\/figure>\n\n\n\n<p>Przedstawicieli jednostki GDDKiA prosimy o wykonanie zg\u0142oszenia mailowo na email: office@concreteroads2023.com<\/p>\n\n\n\n<p>Op\u0142at\u0119 konferencyjn\u0105 prosimy przekaza\u0107 na rachunek: PL 64 1020 2892 0000 5802 0221 7883<\/p>\n\n\n\n<p>Bank: Powszechna Kasa Oszcz\u0119dno\u015bci Bank Polski S.A.<\/p>\n\n\n\n<p><strong>Adres banku:<\/strong><\/p>\n\n\n\n<p>PKO Bank Polski SA Oddzia\u0142 1 w Krakowie <\/p>\n\n\n\n<p>ul. Lubicz 17<\/p>\n\n\n\n<p>31-503 Krak\u00f3w, Polska<\/p>\n\n\n\n<p><strong>Swift code : BPKOPLPW<\/strong><\/p>\n\n\n\n<p><strong>W tytule przelewu prosz\u0119 wpisa\u0107 14ISCR + imi\u0119 i nazwisko uczestnika.<\/strong><\/p>\n\n\n\n<p><strong>Odbiorc\u0105 op\u0142aty konferencyjnej jest Stowarzyszenie Producent\u00f3w Cementu.<\/strong><\/p>\n\n\n\n<p><strong>Ilo\u015b\u0107 miejsc na Konferencji jest ograniczona. O udziale decyduje kolejno\u015b\u0107 wp\u0142at.<\/strong><\/p>\n\n\n\n<p>Potwierdzenie udzia\u0142u w konferencji CR2023 nast\u0119puje po op\u0142aceniu przez uczestnika op\u0142aty konferencyjnej.<\/p>\n\n\n\n<p><\/p>\n","protected":false},"excerpt":{"rendered":"<p>Op\u0142ata za uczestnictwo Speakers giving presentation 790 \u20ac + 23% VAT Cz\u0142onkowie EUPAVE 790 \u20ac + 23% VAT Partnerzy EUPAVE 850 \u20ac + 23% VAT Cz\u0142onkowie ITPC Concreate Roads 2023 700 \u20ac + 23% VAT Osoba towarzysz\u0105ca 330 \u20ac + 23% VAT Podstawowy 950 \u20ac + 23% VAT Kolacja galowa 90 \u20ac + 23% VAT [&hellip;]<\/p>\n","protected":false},"author":1,"featured_media":829,"parent":0,"menu_order":0,"comment_status":"closed","ping_status":"closed","template":"","meta":{"footnotes":""},"class_list":["post-739","page","type-page","status-publish","hentry"],"translation":{"provider":"WPGlobus","version":"2.12.2","language":"pl","enabled_languages":["en","pl","de","es"],"languages":{"en":{"title":true,"content":true,"excerpt":false},"pl":{"title":true,"content":true,"excerpt":false},"de":{"title":false,"content":false,"excerpt":false},"es":{"title":false,"content":false,"excerpt":false}}},"acf":[],"_links":{"self":[{"href":"https:\/\/concreteroads2023.com\/pl\/wp-json\/wp\/v2\/pages\/739","targetHints":{"allow":["GET"]}}],"collection":[{"href":"https:\/\/concreteroads2023.com\/pl\/wp-json\/wp\/v2\/pages"}],"about":[{"href":"https:\/\/concreteroads2023.com\/pl\/wp-json\/wp\/v2\/types\/page"}],"author":[{"embeddable":true,"href":"https:\/\/concreteroads2023.com\/pl\/wp-json\/wp\/v2\/users\/1"}],"replies":[{"embeddable":true,"href":"https:\/\/concreteroads2023.com\/pl\/wp-json\/wp\/v2\/comments?post=739"}],"version-history":[{"count":34,"href":"https:\/\/concreteroads2023.com\/pl\/wp-json\/wp\/v2\/pages\/739\/revisions"}],"predecessor-version":[{"id":1233,"href":"https:\/\/concreteroads2023.com\/pl\/wp-json\/wp\/v2\/pages\/739\/revisions\/1233"}],"wp:featuredmedia":[{"embeddable":true,"href":"https:\/\/concreteroads2023.com\/pl\/wp-json\/wp\/v2\/media\/829"}],"wp:attachment":[{"href":"https:\/\/concreteroads2023.com\/pl\/wp-json\/wp\/v2\/media?parent=739"}],"curies":[{"name":"wp","href":"https:\/\/api.w.org\/{rel}","templated":true}]}}