{"id":94,"date":"2022-07-24T20:11:25","date_gmt":"2022-07-24T18:11:25","guid":{"rendered":"https:\/\/concreteroads2023.com\/?page_id=94"},"modified":"2023-02-23T13:03:06","modified_gmt":"2023-02-23T12:03:06","slug":"drogi-betonowe-odpowiedzia-na-wymagania-przyszlosci","status":"publish","type":"page","link":"https:\/\/concreteroads2023.com\/pl\/drogi-betonowe-odpowiedzia-na-wymagania-przyszlosci\/","title":{"rendered":"Drogi betonowe odpowiedzi\u0105 na wymagania przysz\u0142o\u015bci"},"content":{"rendered":"\n<p>Drogi betonowe s\u0105 istotnym elementem odpowiedzi na wyzwania jakie niesie ze sob\u0105 przysz\u0142o\u015b\u0107 w zakresie infrastruktury. Ochrona \u015brodowiska wymaga mocnego dzia\u0142ania m.in. w zakresie zmniejszania emisji CO2 nie tylko na etapie budowy, ale ca\u0142ego cyklu \u017cycia nawierzchni. Z kolei rosn\u0105ce nat\u0119\u017cenie ruchu samochodowego, w tym przede wszystkim ruchu ci\u0119\u017ckiego powoduje, \u017ce coraz istotniejsza jest wytrzyma\u0142o\u015b\u0107. Aspekty te s\u0105 coraz istotniejszymi, ale oczywi\u015bcie nie jedynymi, kt\u00f3re powoduj\u0105, \u017ce drogi betonowe zyskuj\u0105 uznanie na ca\u0142ym \u015bwiecie i z roku na rok buduje si\u0119 ich coraz wi\u0119cej. Co wi\u0119cej rozw\u00f3j zr\u00f3\u017cnicowanych technologii budowy dr\u00f3g, nap\u0119dza konkurencyjno\u015b\u0107 i jest kluczowym czynnikiem gwarantuj\u0105cym innowacyjno\u015b\u0107 rozwi\u0105za\u0144.<\/p>\n\n\n\n<h1 class=\"has-text-align-center wp-block-heading\"><strong>DROGI BETONOWE TO:<\/strong><\/h1>\n\n\n\n<h2 class=\"has-text-align-center wp-block-heading\">Bezpiecze\u0144stwo<\/h2>\n\n\n\n<figure class=\"wp-block-gallery has-nested-images columns-default wp-block-gallery-1 is-layout-flex wp-block-gallery-is-layout-flex\">\n<figure class=\"wp-block-image size-large\"><img loading=\"lazy\" decoding=\"async\" width=\"400\" height=\"400\" data-id=\"119\" src=\"https:\/\/concreteroads2023.com\/wp-content\/uploads\/2022\/07\/bezp-3.png\" alt=\"\" class=\"wp-image-119\" srcset=\"https:\/\/concreteroads2023.com\/wp-content\/uploads\/2022\/07\/bezp-3.png 400w, https:\/\/concreteroads2023.com\/wp-content\/uploads\/2022\/07\/bezp-3-300x300.png 300w, https:\/\/concreteroads2023.com\/wp-content\/uploads\/2022\/07\/bezp-3-150x150.png 150w, https:\/\/concreteroads2023.com\/wp-content\/uploads\/2022\/07\/bezp-3-100x100.png 100w\" sizes=\"auto, (max-width: 400px) 100vw, 400px\" \/><figcaption class=\"wp-element-caption\"><strong>Wysoka przyczepno\u015b\u0107<br>i kr\u00f3tsza droga hamowania<\/strong><\/figcaption><\/figure>\n\n\n\n<figure class=\"wp-block-image size-large\"><img loading=\"lazy\" decoding=\"async\" width=\"400\" height=\"400\" data-id=\"120\" src=\"https:\/\/concreteroads2023.com\/wp-content\/uploads\/2022\/07\/bezp-2.png\" alt=\"\" class=\"wp-image-120\" srcset=\"https:\/\/concreteroads2023.com\/wp-content\/uploads\/2022\/07\/bezp-2.png 400w, https:\/\/concreteroads2023.com\/wp-content\/uploads\/2022\/07\/bezp-2-300x300.png 300w, https:\/\/concreteroads2023.com\/wp-content\/uploads\/2022\/07\/bezp-2-150x150.png 150w, https:\/\/concreteroads2023.com\/wp-content\/uploads\/2022\/07\/bezp-2-100x100.png 100w\" sizes=\"auto, (max-width: 400px) 100vw, 400px\" \/><figcaption class=\"wp-element-caption\"><strong>Brak efektu koleinowania<\/strong><\/figcaption><\/figure>\n\n\n\n<figure class=\"wp-block-image size-large\"><img loading=\"lazy\" decoding=\"async\" width=\"400\" height=\"400\" data-id=\"121\" src=\"https:\/\/concreteroads2023.com\/wp-content\/uploads\/2022\/07\/bezp-1.png\" alt=\"\" class=\"wp-image-121\" srcset=\"https:\/\/concreteroads2023.com\/wp-content\/uploads\/2022\/07\/bezp-1.png 400w, https:\/\/concreteroads2023.com\/wp-content\/uploads\/2022\/07\/bezp-1-300x300.png 300w, https:\/\/concreteroads2023.com\/wp-content\/uploads\/2022\/07\/bezp-1-150x150.png 150w, https:\/\/concreteroads2023.com\/wp-content\/uploads\/2022\/07\/bezp-1-100x100.png 100w\" sizes=\"auto, (max-width: 400px) 100vw, 400px\" \/><figcaption class=\"wp-element-caption\"><strong>Lepsza widoczno\u015b\u0107 na jasnej<br>nawierzchni<\/strong><\/figcaption><\/figure>\n<\/figure>\n\n\n\n<h2 class=\"has-text-align-center wp-block-heading\">Dobre rozwi\u0105zanie dla \u015brodowiska<\/h2>\n\n\n\n<figure class=\"wp-block-gallery has-nested-images columns-default wp-block-gallery-2 is-layout-flex wp-block-gallery-is-layout-flex\">\n<figure class=\"wp-block-image size-large\"><img loading=\"lazy\" decoding=\"async\" width=\"400\" height=\"400\" data-id=\"126\" src=\"https:\/\/concreteroads2023.com\/wp-content\/uploads\/2022\/07\/dobre-3.png\" alt=\"\" class=\"wp-image-126\" srcset=\"https:\/\/concreteroads2023.com\/wp-content\/uploads\/2022\/07\/dobre-3.png 400w, https:\/\/concreteroads2023.com\/wp-content\/uploads\/2022\/07\/dobre-3-300x300.png 300w, https:\/\/concreteroads2023.com\/wp-content\/uploads\/2022\/07\/dobre-3-150x150.png 150w, https:\/\/concreteroads2023.com\/wp-content\/uploads\/2022\/07\/dobre-3-100x100.png 100w\" sizes=\"auto, (max-width: 400px) 100vw, 400px\" \/><figcaption class=\"wp-element-caption\"><strong>Mniejszy wp\u0142yw na&nbsp;<br>\u015brodowisko podczas ca\u0142ego<br>cyklu \u017cycia<\/strong><\/figcaption><\/figure>\n\n\n\n<figure class=\"wp-block-image size-large\"><img loading=\"lazy\" decoding=\"async\" width=\"400\" height=\"400\" data-id=\"127\" src=\"https:\/\/concreteroads2023.com\/wp-content\/uploads\/2022\/07\/dobre-2.png\" alt=\"\" class=\"wp-image-127\" srcset=\"https:\/\/concreteroads2023.com\/wp-content\/uploads\/2022\/07\/dobre-2.png 400w, https:\/\/concreteroads2023.com\/wp-content\/uploads\/2022\/07\/dobre-2-300x300.png 300w, https:\/\/concreteroads2023.com\/wp-content\/uploads\/2022\/07\/dobre-2-150x150.png 150w, https:\/\/concreteroads2023.com\/wp-content\/uploads\/2022\/07\/dobre-2-100x100.png 100w\" sizes=\"auto, (max-width: 400px) 100vw, 400px\" \/><figcaption class=\"wp-element-caption\"><strong>Ograniczenie efektu wyspy<br>ciep\u0142a przez odbicie<br>promienie s\u0142onecznych<\/strong><\/figcaption><\/figure>\n\n\n\n<figure class=\"wp-block-image size-large\"><img loading=\"lazy\" decoding=\"async\" width=\"400\" height=\"400\" data-id=\"128\" src=\"https:\/\/concreteroads2023.com\/wp-content\/uploads\/2022\/07\/dobre-1.png\" alt=\"\" class=\"wp-image-128\" srcset=\"https:\/\/concreteroads2023.com\/wp-content\/uploads\/2022\/07\/dobre-1.png 400w, https:\/\/concreteroads2023.com\/wp-content\/uploads\/2022\/07\/dobre-1-300x300.png 300w, https:\/\/concreteroads2023.com\/wp-content\/uploads\/2022\/07\/dobre-1-150x150.png 150w, https:\/\/concreteroads2023.com\/wp-content\/uploads\/2022\/07\/dobre-1-100x100.png 100w\" sizes=\"auto, (max-width: 400px) 100vw, 400px\" \/><figcaption class=\"wp-element-caption\"><strong>Recykling w 100%<\/strong><\/figcaption><\/figure>\n<\/figure>\n\n\n\n<h2 class=\"has-text-align-center wp-block-heading\">Korzy\u015bci dla kierowc\u00f3w<\/h2>\n\n\n\n<figure class=\"wp-block-gallery has-nested-images columns-default wp-block-gallery-3 is-layout-flex wp-block-gallery-is-layout-flex\">\n<figure class=\"wp-block-image size-large\"><img loading=\"lazy\" decoding=\"async\" width=\"400\" height=\"400\" data-id=\"146\" src=\"https:\/\/concreteroads2023.com\/wp-content\/uploads\/2022\/07\/korzysci-3.png\" alt=\"\" class=\"wp-image-146\" srcset=\"https:\/\/concreteroads2023.com\/wp-content\/uploads\/2022\/07\/korzysci-3.png 400w, https:\/\/concreteroads2023.com\/wp-content\/uploads\/2022\/07\/korzysci-3-300x300.png 300w, https:\/\/concreteroads2023.com\/wp-content\/uploads\/2022\/07\/korzysci-3-150x150.png 150w, https:\/\/concreteroads2023.com\/wp-content\/uploads\/2022\/07\/korzysci-3-100x100.png 100w\" sizes=\"auto, (max-width: 400px) 100vw, 400px\" \/><figcaption class=\"wp-element-caption\"><strong>Rzadsze remonty to mniej<br>utrudnie\u0144 na drogach<\/strong><\/figcaption><\/figure>\n\n\n\n<figure class=\"wp-block-image size-large\"><img loading=\"lazy\" decoding=\"async\" width=\"400\" height=\"400\" data-id=\"145\" src=\"https:\/\/concreteroads2023.com\/wp-content\/uploads\/2022\/07\/korzysci-2.png\" alt=\"\" class=\"wp-image-145\" srcset=\"https:\/\/concreteroads2023.com\/wp-content\/uploads\/2022\/07\/korzysci-2.png 400w, https:\/\/concreteroads2023.com\/wp-content\/uploads\/2022\/07\/korzysci-2-300x300.png 300w, https:\/\/concreteroads2023.com\/wp-content\/uploads\/2022\/07\/korzysci-2-150x150.png 150w, https:\/\/concreteroads2023.com\/wp-content\/uploads\/2022\/07\/korzysci-2-100x100.png 100w\" sizes=\"auto, (max-width: 400px) 100vw, 400px\" \/><figcaption class=\"wp-element-caption\"><strong>Odporno\u015b\u0107 na du\u017ce<br>obci\u0105\u017cenie ruchu<\/strong><\/figcaption><\/figure>\n\n\n\n<figure class=\"wp-block-image size-large\"><img loading=\"lazy\" decoding=\"async\" width=\"400\" height=\"400\" data-id=\"147\" src=\"https:\/\/concreteroads2023.com\/wp-content\/uploads\/2022\/07\/korzysci-1.png\" alt=\"\" class=\"wp-image-147\" srcset=\"https:\/\/concreteroads2023.com\/wp-content\/uploads\/2022\/07\/korzysci-1.png 400w, https:\/\/concreteroads2023.com\/wp-content\/uploads\/2022\/07\/korzysci-1-300x300.png 300w, https:\/\/concreteroads2023.com\/wp-content\/uploads\/2022\/07\/korzysci-1-150x150.png 150w, https:\/\/concreteroads2023.com\/wp-content\/uploads\/2022\/07\/korzysci-1-100x100.png 100w\" sizes=\"auto, (max-width: 400px) 100vw, 400px\" \/><figcaption class=\"wp-element-caption\"><strong>Ni\u017csze zu\u017cycie paliwa dzi\u0119ki<br>mniejszemu oporowi<br>toczenia<\/strong><\/figcaption><\/figure>\n<\/figure>\n\n\n\n<h2 class=\"has-text-align-center wp-block-heading\">Ni\u017csze koszty<br><\/h2>\n\n\n\n<figure class=\"wp-block-gallery has-nested-images columns-default wp-block-gallery-4 is-layout-flex wp-block-gallery-is-layout-flex\">\n<figure class=\"wp-block-image size-large\"><img loading=\"lazy\" decoding=\"async\" width=\"400\" height=\"400\" data-id=\"151\" src=\"https:\/\/concreteroads2023.com\/wp-content\/uploads\/2022\/07\/korzysci-3-1.png\" alt=\"\" class=\"wp-image-151\" srcset=\"https:\/\/concreteroads2023.com\/wp-content\/uploads\/2022\/07\/korzysci-3-1.png 400w, https:\/\/concreteroads2023.com\/wp-content\/uploads\/2022\/07\/korzysci-3-1-300x300.png 300w, https:\/\/concreteroads2023.com\/wp-content\/uploads\/2022\/07\/korzysci-3-1-150x150.png 150w, https:\/\/concreteroads2023.com\/wp-content\/uploads\/2022\/07\/korzysci-3-1-100x100.png 100w\" sizes=\"auto, (max-width: 400px) 100vw, 400px\" \/><figcaption class=\"wp-element-caption\"><strong>Ni\u017csze koszty budowy<\/strong><\/figcaption><\/figure>\n\n\n\n<figure class=\"wp-block-image size-large\"><img loading=\"lazy\" decoding=\"async\" width=\"400\" height=\"400\" data-id=\"149\" src=\"https:\/\/concreteroads2023.com\/wp-content\/uploads\/2022\/07\/korzysci-2-1.png\" alt=\"\" class=\"wp-image-149\" srcset=\"https:\/\/concreteroads2023.com\/wp-content\/uploads\/2022\/07\/korzysci-2-1.png 400w, https:\/\/concreteroads2023.com\/wp-content\/uploads\/2022\/07\/korzysci-2-1-300x300.png 300w, https:\/\/concreteroads2023.com\/wp-content\/uploads\/2022\/07\/korzysci-2-1-150x150.png 150w, https:\/\/concreteroads2023.com\/wp-content\/uploads\/2022\/07\/korzysci-2-1-100x100.png 100w\" sizes=\"auto, (max-width: 400px) 100vw, 400px\" \/><figcaption class=\"wp-element-caption\"><strong>Tania eksploatacja<\/strong><\/figcaption><\/figure>\n\n\n\n<figure class=\"wp-block-image size-large\"><img loading=\"lazy\" decoding=\"async\" width=\"400\" height=\"400\" data-id=\"150\" src=\"https:\/\/concreteroads2023.com\/wp-content\/uploads\/2022\/07\/korzysci-1-1.png\" alt=\"\" class=\"wp-image-150\" srcset=\"https:\/\/concreteroads2023.com\/wp-content\/uploads\/2022\/07\/korzysci-1-1.png 400w, https:\/\/concreteroads2023.com\/wp-content\/uploads\/2022\/07\/korzysci-1-1-300x300.png 300w, https:\/\/concreteroads2023.com\/wp-content\/uploads\/2022\/07\/korzysci-1-1-150x150.png 150w, https:\/\/concreteroads2023.com\/wp-content\/uploads\/2022\/07\/korzysci-1-1-100x100.png 100w\" sizes=\"auto, (max-width: 400px) 100vw, 400px\" \/><figcaption class=\"wp-element-caption\"><strong>Proste utrzymanie<\/strong><\/figcaption><\/figure>\n<\/figure>\n","protected":false},"excerpt":{"rendered":"<p>Drogi betonowe s\u0105 istotnym elementem odpowiedzi na wyzwania jakie niesie ze sob\u0105 przysz\u0142o\u015b\u0107 w zakresie infrastruktury. Ochrona \u015brodowiska wymaga mocnego dzia\u0142ania m.in. w zakresie zmniejszania emisji CO2 nie tylko na etapie budowy, ale ca\u0142ego cyklu \u017cycia nawierzchni. Z kolei rosn\u0105ce nat\u0119\u017cenie ruchu samochodowego, w tym przede wszystkim ruchu ci\u0119\u017ckiego powoduje, \u017ce coraz istotniejsza jest wytrzyma\u0142o\u015b\u0107. Aspekty te s\u0105 coraz istotniejszymi, ale oczywi\u015bcie nie jedynymi, kt\u00f3re powoduj\u0105, \u017ce drogi betonowe zyskuj\u0105 uznanie na ca\u0142ym \u015bwiecie i z roku na rok buduje si\u0119 ich coraz wi\u0119cej. Co wi\u0119cej rozw\u00f3j zr\u00f3\u017cnicowanych technologii budowy dr\u00f3g, nap\u0119dza konkurencyjno\u015b\u0107 i jest kluczowym czynnikiem gwarantuj\u0105cym innowacyjno\u015b\u0107 rozwi\u0105za\u0144.<\/p>\n","protected":false},"author":1,"featured_media":953,"parent":0,"menu_order":0,"comment_status":"closed","ping_status":"closed","template":"","meta":{"footnotes":""},"class_list":["post-94","page","type-page","status-publish","hentry"],"translation":{"provider":"WPGlobus","version":"2.12.2","language":"pl","enabled_languages":["en","pl","de","es"],"languages":{"en":{"title":true,"content":true,"excerpt":true},"pl":{"title":true,"content":true,"excerpt":true},"de":{"title":false,"content":false,"excerpt":false},"es":{"title":false,"content":false,"excerpt":false}}},"acf":[],"_links":{"self":[{"href":"https:\/\/concreteroads2023.com\/pl\/wp-json\/wp\/v2\/pages\/94","targetHints":{"allow":["GET"]}}],"collection":[{"href":"https:\/\/concreteroads2023.com\/pl\/wp-json\/wp\/v2\/pages"}],"about":[{"href":"https:\/\/concreteroads2023.com\/pl\/wp-json\/wp\/v2\/types\/page"}],"author":[{"embeddable":true,"href":"https:\/\/concreteroads2023.com\/pl\/wp-json\/wp\/v2\/users\/1"}],"replies":[{"embeddable":true,"href":"https:\/\/concreteroads2023.com\/pl\/wp-json\/wp\/v2\/comments?post=94"}],"version-history":[{"count":30,"href":"https:\/\/concreteroads2023.com\/pl\/wp-json\/wp\/v2\/pages\/94\/revisions"}],"predecessor-version":[{"id":972,"href":"https:\/\/concreteroads2023.com\/pl\/wp-json\/wp\/v2\/pages\/94\/revisions\/972"}],"wp:featuredmedia":[{"embeddable":true,"href":"https:\/\/concreteroads2023.com\/pl\/wp-json\/wp\/v2\/media\/953"}],"wp:attachment":[{"href":"https:\/\/concreteroads2023.com\/pl\/wp-json\/wp\/v2\/media?parent=94"}],"curies":[{"name":"wp","href":"https:\/\/api.w.org\/{rel}","templated":true}]}}